{"id":5075,"date":"2021-08-29T20:03:45","date_gmt":"2021-08-29T17:03:45","guid":{"rendered":"https:\/\/test.powerten.net\/wp\/?post_type=product&#038;p=5075"},"modified":"2021-08-29T20:05:07","modified_gmt":"2021-08-29T17:05:07","slug":"powerten-2-zamanli-olcekli-agac-kesme-makinesi-bicki-yagi-1-lt","status":"publish","type":"product","link":"https:\/\/test.powerten.net\/wp\/urun\/powerten-2-zamanli-olcekli-agac-kesme-makinesi-bicki-yagi-1-lt\/","title":{"rendered":"Powerten 2 Zamanl\u0131 \u00d6l\u00e7ekli A\u011fa\u00e7 Kesme Makinesi B\u0131\u00e7k\u0131 Ya\u011f\u0131 1 Lt"},"content":{"rendered":"<p><strong>Powerten 2 Zamanl\u0131 \u00d6l\u00e7ekli A\u011fa\u00e7 Kesme Makinesi B\u0131\u00e7k\u0131 Ya\u011f\u0131<\/strong><\/p>\n<p class=\"p1\"><span class=\"s1\">M\u00fckemmel ya\u011flama, <\/span><span class=\"s1\">D\u00fc\u015f\u00fck duman emisyonu ve daha temiz \u00e7al\u0131\u015fma ortam\u0131 sunar. Pas ve korozyon olu\u015fumuna kar\u015f\u0131 motoru maksimum d\u00fczeyde korur. Piston ve Karter \u00fczerinde daha az kurum olu\u015fumu sa\u011flar. Motor \u00f6mr\u00fcn\u00fc uzat\u0131r ve daha az aral\u0131klarla servis ihtiyac\u0131 sa\u011flar. <\/span><\/p>\n<p class=\"p1\"><span class=\"s1\">Kaliteli katk\u0131 maddeleri kullan\u0131larak \u00fcretilen Powerten 2 zamanl\u0131 ya\u011f ve Powerten b\u0131\u00e7k\u0131 ya\u011f\u0131 motorun yatak sarmas\u0131na ve karbon olu\u015fumu olas\u0131l\u0131\u011f\u0131na kar\u015f\u0131 m\u00fckemmel koruma sa\u011flar.<\/span><\/p>\n<p class=\"p1\"><span class=\"s1\">\u00dcr\u00fcn\u00fcm\u00fcz her t\u00fcrl\u00fc 2 zamanl\u0131 motorlarda Testere, T\u0131rpan, \u00c7it budama, jenerat\u00f6r, ila\u00e7lama ekipmanlar\u0131 i\u00e7in idealdir.<\/span><\/p>\n","protected":false},"excerpt":{"rendered":"<p><strong>Powerten 2 Zamanl\u0131 \u00d6l\u00e7ekli A\u011fa\u00e7 Kesme Makinesi B\u0131\u00e7k\u0131 Ya\u011f\u0131 1 Lt<\/strong><\/p>\n","protected":false},"featured_media":5076,"template":"","meta":[],"product-make":[],"product-model":[],"product-trim":[],"pa_category":[298],"product_tag":[],"pa_brand":[],"pa_liters":[],"pa_size":[],"class_list":["post-5075","product","type-product","status-publish","has-post-thumbnail","hentry","product_cat-motor-yaglari"],"product_attributes":null,"_links":{"self":[{"href":"https:\/\/test.powerten.net\/wp\/wp-json\/wp\/v2\/product\/5075","targetHints":{"allow":["GET"]}}],"collection":[{"href":"https:\/\/test.powerten.net\/wp\/wp-json\/wp\/v2\/product"}],"about":[{"href":"https:\/\/test.powerten.net\/wp\/wp-json\/wp\/v2\/types\/product"}],"wp:featuredmedia":[{"embeddable":true,"href":"https:\/\/test.powerten.net\/wp\/wp-json\/wp\/v2\/media\/5076"}],"wp:attachment":[{"href":"https:\/\/test.powerten.net\/wp\/wp-json\/wp\/v2\/media?parent=5075"}],"wp:term":[{"taxonomy":"product-make","embeddable":true,"href":"https:\/\/test.powerten.net\/wp\/wp-json\/wp\/v2\/product-make?post=5075"},{"taxonomy":"product-model","embeddable":true,"href":"https:\/\/test.powerten.net\/wp\/wp-json\/wp\/v2\/product-model?post=5075"},{"taxonomy":"product-trim","embeddable":true,"href":"https:\/\/test.powerten.net\/wp\/wp-json\/wp\/v2\/product-trim?post=5075"},{"taxonomy":"product_cat","embeddable":true,"href":"https:\/\/test.powerten.net\/wp\/wp-json\/wp\/v2\/pa_category?post=5075"},{"taxonomy":"product_tag","embeddable":true,"href":"https:\/\/test.powerten.net\/wp\/wp-json\/wp\/v2\/product_tag?post=5075"},{"taxonomy":"pa_brand","embeddable":true,"href":"https:\/\/test.powerten.net\/wp\/wp-json\/wp\/v2\/pa_brand?post=5075"},{"taxonomy":"pa_liters","embeddable":true,"href":"https:\/\/test.powerten.net\/wp\/wp-json\/wp\/v2\/pa_liters?post=5075"},{"taxonomy":"pa_size","embeddable":true,"href":"https:\/\/test.powerten.net\/wp\/wp-json\/wp\/v2\/pa_size?post=5075"}],"curies":[{"name":"wp","href":"https:\/\/api.w.org\/{rel}","templated":true}]}}